{"id":1036,"date":"2023-07-26T10:25:26","date_gmt":"2023-07-26T15:25:26","guid":{"rendered":"http:\/\/50.31.176.2\/~cexhtlzg\/?page_id=1036"},"modified":"2025-06-26T12:59:15","modified_gmt":"2025-06-26T17:59:15","slug":"regimen-tributario-especial","status":"publish","type":"page","link":"https:\/\/manosvisibles.org\/en\/regimen-tributario-especial\/","title":{"rendered":"Special Tax Regime Documentation"},"content":{"rendered":"<p>[et_pb_section fb_built=&#8221;1&#8243; disabled_on=&#8221;on|on|on&#8221; _builder_version=&#8221;4.22.0&#8243; _module_preset=&#8221;default&#8221; background_color=&#8221;#09CBFF&#8221; positioning=&#8221;fixed&#8221; position_origin_f=&#8221;top_center&#8221; width_tablet=&#8221;&#8221; width_phone=&#8221;&#8221; width_last_edited=&#8221;on|desktop&#8221; custom_margin=&#8221;0px||0px||true|false&#8221; custom_padding=&#8221;0px||0px||false|false&#8221; da_disable_devices=&#8221;off|off|off&#8221; box_shadow_style=&#8221;preset1&#8243; box_shadow_blur=&#8221;5px&#8221; disabled=&#8221;on&#8221; global_colors_info=&#8221;{}&#8221; da_is_popup=&#8221;off&#8221; da_exit_intent=&#8221;off&#8221; da_has_close=&#8221;on&#8221; da_alt_close=&#8221;off&#8221; da_dark_close=&#8221;off&#8221; da_not_modal=&#8221;on&#8221; da_is_singular=&#8221;off&#8221; da_with_loader=&#8221;off&#8221; da_has_shadow=&#8221;on&#8221;][et_pb_row column_structure=&#8221;1_3,2_3&#8243; use_custom_gutter=&#8221;on&#8221; gutter_width=&#8221;1&#8243; _builder_version=&#8221;4.21.0&#8243; _module_preset=&#8221;default&#8221; width=&#8221;100%&#8221; custom_margin=&#8221;0px||0px||false|false&#8221; custom_padding=&#8221;0px||0px||false|false&#8221; global_colors_info=&#8221;{}&#8221;][et_pb_column type=&#8221;1_3&#8243; _builder_version=&#8221;4.21.0&#8243; _module_preset=&#8221;default&#8221; custom_css_main_element=&#8221;width: 30%!important;||margin-right: 0%!important;&#8221; global_colors_info=&#8221;{}&#8221;][et_pb_image src=&#8221;https:\/\/manosvisibles.org\/wp-content\/uploads\/2023\/05\/logo-mv-2023-blanco.svg&#8221; title_text=&#8221;Manos Visibles&#8221; url=&#8221;@ET-DC@eyJkeW5hbWljIjp0cnVlLCJjb250ZW50IjoiaG9tZV91cmwiLCJzZXR0aW5ncyI6e319@&#8221; align=&#8221;center&#8221; _builder_version=&#8221;4.21.0&#8243; _dynamic_attributes=&#8221;url&#8221; _module_preset=&#8221;default&#8221; width=&#8221;80%&#8221; custom_padding=&#8221;6px||||false|false&#8221; global_colors_info=&#8221;{}&#8221;][\/et_pb_image][\/et_pb_column][et_pb_column type=&#8221;2_3&#8243; _builder_version=&#8221;4.21.0&#8243; _module_preset=&#8221;default&#8221; custom_css_main_element=&#8221;width: 70%!important;||margin-right: 0%!important;&#8221; global_colors_info=&#8221;{}&#8221;][et_pb_menu menu_style=&#8221;centered&#8221; active_link_color=&#8221;#FFFFFF&#8221; dropdown_menu_bg_color=&#8221;#000000&#8243; dropdown_menu_text_color=&#8221;#FFFFFF&#8221; module_class=&#8221;dl-menu-style1 dl-menu&#8221; _builder_version=&#8221;4.21.0&#8243; _module_preset=&#8221;default&#8221; menu_font=&#8221;Noto Sans|500||on|||||&#8221; menu_text_color=&#8221;#FFFFFF&#8221; menu_font_size=&#8221;16px&#8221; background_enable_color=&#8221;off&#8221; width=&#8221;100%&#8221; custom_margin=&#8221;0px|0px|0px|0px|false|false&#8221; custom_padding=&#8221;29px|0px|0px|0px|false|false&#8221; global_colors_info=&#8221;{}&#8221; active_link_color__hover_enabled=&#8221;on|hover&#8221; active_link_color__hover=&#8221;#FFFFFF&#8221; menu_text_color__hover_enabled=&#8221;on|hover&#8221; menu_text_color__hover=&#8221;#FFFFFF&#8221;][\/et_pb_menu][\/et_pb_column][\/et_pb_row][\/et_pb_section][et_pb_section fb_built=&#8221;1&#8243; disabled_on=&#8221;on|on|on&#8221; _builder_version=&#8221;4.22.0&#8243; _module_preset=&#8221;default&#8221; background_color=&#8221;#09CBFF&#8221; positioning=&#8221;fixed&#8221; position_origin_f=&#8221;top_center&#8221; width_tablet=&#8221;&#8221; width_phone=&#8221;&#8221; width_last_edited=&#8221;on|desktop&#8221; custom_margin=&#8221;0px||0px||true|false&#8221; custom_padding=&#8221;0px||0px||true|false&#8221; da_disable_devices=&#8221;off|off|off&#8221; box_shadow_style=&#8221;preset1&#8243; box_shadow_blur=&#8221;5px&#8221; disabled=&#8221;on&#8221; global_colors_info=&#8221;{}&#8221; da_is_popup=&#8221;off&#8221; da_exit_intent=&#8221;off&#8221; da_has_close=&#8221;on&#8221; da_alt_close=&#8221;off&#8221; da_dark_close=&#8221;off&#8221; da_not_modal=&#8221;on&#8221; da_is_singular=&#8221;off&#8221; da_with_loader=&#8221;off&#8221; da_has_shadow=&#8221;on&#8221;][et_pb_row _builder_version=&#8221;4.22.0&#8243; _module_preset=&#8221;default&#8221; custom_margin=&#8221;0px||0px||false|false&#8221; custom_padding=&#8221;0px||0px||false|false&#8221; global_colors_info=&#8221;{}&#8221;][et_pb_column type=&#8221;4_4&#8243; _builder_version=&#8221;4.22.0&#8243; _module_preset=&#8221;default&#8221; global_colors_info=&#8221;{}&#8221;][et_pb_menu dropdown_menu_bg_color=&#8221;#09CBFF&#8221; dropdown_menu_line_color=&#8221;#09CBFF&#8221; dropdown_menu_active_link_color=&#8221;#09CBFF&#8221; mobile_menu_bg_color=&#8221;#524B4E&#8221; mobile_menu_text_color=&#8221;#FFFFFF&#8221; logo=&#8221;https:\/\/manosvisibles.org\/wp-content\/uploads\/2023\/05\/logo-mv-2023-blanco.svg&#8221; logo_url=&#8221;@ET-DC@eyJkeW5hbWljIjp0cnVlLCJjb250ZW50IjoiaG9tZV91cmwiLCJzZXR0aW5ncyI6e319@&#8221; logo_height=&#8221;73px&#8221; menu_icon_color=&#8221;#FFFFFF&#8221; _builder_version=&#8221;4.22.0&#8243; _dynamic_attributes=&#8221;logo_url&#8221; _module_preset=&#8221;default&#8221; background_enable_color=&#8221;off&#8221; custom_margin=&#8221;0px||0px||false|false&#8221; custom_padding=&#8221;0px||0px||false|false&#8221; global_colors_info=&#8221;{}&#8221;][\/et_pb_menu][\/et_pb_column][\/et_pb_row][\/et_pb_section][et_pb_section fb_built=&#8221;1&#8243; _builder_version=&#8221;4.21.0&#8243; _module_preset=&#8221;default&#8221; background_color=&#8221;#000000&#8243; background_enable_image=&#8221;off&#8221; background_size=&#8221;custom&#8221; background_image_width=&#8221;44%&#8221; background_position=&#8221;bottom_right&#8221; background_vertical_offset=&#8221;84%&#8221; background_video_mp4=&#8221;https:\/\/manosvisibles.org\/wp-content\/uploads\/2023\/07\/acerca-manos.mp4&#8243; custom_margin=&#8221;80px||||false|false&#8221; custom_padding=&#8221;70px||93px||false|false&#8221; mix_blend_mode=&#8221;overlay&#8221; bottom_divider_style=&#8221;curve&#8221; bottom_divider_color=&#8221;#FFFFFF&#8221; bottom_divider_height=&#8221;33px&#8221; bottom_divider_flip=&#8221;vertical&#8221; da_disable_devices=&#8221;off|off|off&#8221; global_colors_info=&#8221;{}&#8221; da_is_popup=&#8221;off&#8221; da_exit_intent=&#8221;off&#8221; da_has_close=&#8221;on&#8221; da_alt_close=&#8221;off&#8221; da_dark_close=&#8221;off&#8221; da_not_modal=&#8221;on&#8221; da_is_singular=&#8221;off&#8221; da_with_loader=&#8221;off&#8221; da_has_shadow=&#8221;on&#8221;][et_pb_row use_custom_gutter=&#8221;on&#8221; _builder_version=&#8221;4.21.0&#8243; _module_preset=&#8221;default&#8221; global_colors_info=&#8221;{}&#8221;][et_pb_column type=&#8221;4_4&#8243; _builder_version=&#8221;4.21.0&#8243; _module_preset=&#8221;default&#8221; global_colors_info=&#8221;{}&#8221;][et_pb_text _builder_version=&#8221;4.22.0&#8243; _module_preset=&#8221;default&#8221; text_text_color=&#8221;#FFFFFF&#8221; header_font=&#8221;Montserrat|800||on|||||&#8221; header_text_color=&#8221;#FFFFFF&#8221; header_font_size=&#8221;49px&#8221; text_orientation=&#8221;center&#8221; custom_margin=&#8221;0px||0px||false|false&#8221; custom_padding=&#8221;0px||0px||false|false&#8221; header_font_size_tablet=&#8221;49px&#8221; header_font_size_phone=&#8221;38px&#8221; header_font_size_last_edited=&#8221;on|phone&#8221; text_text_shadow_style=&#8221;preset3&#8243; text_text_shadow_blur_strength=&#8221;0.45em&#8221; text_text_shadow_color=&#8221;#000000&#8243; global_colors_info=&#8221;{}&#8221;]<\/p>\n<h1 itemprop=\"headline\">R\u00e9gimen Tributario Especial<\/h1>\n<p>[\/et_pb_text][\/et_pb_column][\/et_pb_row][\/et_pb_section][et_pb_section fb_built=&#8221;1&#8243; _builder_version=&#8221;4.21.0&#8243; _module_preset=&#8221;default&#8221; da_disable_devices=&#8221;off|off|off&#8221; global_colors_info=&#8221;{}&#8221; da_is_popup=&#8221;off&#8221; da_exit_intent=&#8221;off&#8221; da_has_close=&#8221;on&#8221; da_alt_close=&#8221;off&#8221; da_dark_close=&#8221;off&#8221; da_not_modal=&#8221;on&#8221; da_is_singular=&#8221;off&#8221; da_with_loader=&#8221;off&#8221; da_has_shadow=&#8221;on&#8221;][et_pb_row column_structure=&#8221;1_5,3_5,1_5&#8243; _builder_version=&#8221;4.21.0&#8243; _module_preset=&#8221;default&#8221; global_colors_info=&#8221;{}&#8221;][et_pb_column type=&#8221;1_5&#8243; _builder_version=&#8221;4.21.0&#8243; _module_preset=&#8221;default&#8221; global_colors_info=&#8221;{}&#8221;][\/et_pb_column][et_pb_column type=&#8221;3_5&#8243; _builder_version=&#8221;4.21.0&#8243; _module_preset=&#8221;default&#8221; global_colors_info=&#8221;{}&#8221;][et_pb_text disabled_on=&#8221;on|on|on&#8221; _builder_version=&#8221;4.27.4&#8243; _module_preset=&#8221;default&#8221; text_font_size=&#8221;19px&#8221; custom_padding=&#8221;||||false|false&#8221; global_colors_info=&#8221;{}&#8221; disabled=&#8221;on&#8221;]<\/p>\n<ol>\n<li><a href=\"https:\/\/manosvisibles.org\/wp-content\/uploads\/2025\/06\/1.-Informe-de-Gestion-y-Resultados-2024.pdf\" target=\"_blank\" rel=\"noopener\">Informe de gesti\u00f3n<\/a><\/li>\n<li>Acta de asamblea<\/li>\n<li>Certificado De Cumplimiento Requisito Para Acceder A La Permanencia En El r\u00e9gimen Tributario Especial De Acuerdo Con Lo Establecido En El Art\u00edculo 19 Y 19-4 Del Estatuto Tributario<\/li>\n<li>Certificado Del Representante Legal Para Cumplir Con Los Requisitos Establecido En El Numeral 3 Del Art\u00edculo 364-3 Del Estatuto Tributario<\/li>\n<li>En Cumplimiento Del Art\u00edculo 364-5 Del Estatuto Tributario, Par\u00e1grafo 2, Numeral 13, Los Suscritos Representante Legal Y Revisor Fiscal De La Corporaci\u00f3n Manos Visibles Identificada Con Nit No. 900.370.492-1<\/li>\n<li>Estatutos<\/li>\n<li>Estados Financieros<\/li>\n<li>RTE &#8211; Presentaci\u00f3n Formulario 5245<\/li>\n<li>Memoria Econ\u00f3mica<\/li>\n<li>Extracto de Acta &#8211; 2344 _ RTE_ Excedente<\/li>\n<li>Extracto de Acta &#8211; 2344 _ Autorizaci\u00f3n y asignaciones permanentes _ RTE<\/li>\n<\/ol>\n<p>[\/et_pb_text][et_pb_text disabled_on=&#8221;off|off|off&#8221; _builder_version=&#8221;4.27.4&#8243; _module_preset=&#8221;default&#8221; text_font_size=&#8221;19px&#8221; custom_padding=&#8221;||||false|false&#8221; hover_enabled=&#8221;0&#8243; locked=&#8221;off&#8221; global_colors_info=&#8221;{}&#8221; sticky_enabled=&#8221;0&#8243;]<\/p>\n<ol>\n<li><a href=\"https:\/\/manosvisibles.org\/wp-content\/uploads\/2025\/06\/1.-Informe-de-Gestion-y-Resultados-2024.pdf\" target=\"_blank\" rel=\"noopener\">Informe de gesti\u00f3n<\/a><\/li>\n<li><a href=\"https:\/\/manosvisibles.org\/wp-content\/uploads\/2025\/06\/2.AsambleaGeneraldeAsociados_49_CMV_2025_.pdf\" target=\"_blank\" rel=\"noopener\">Acta de asamblea<\/a><\/li>\n<li><a href=\"https:\/\/manosvisibles.org\/wp-content\/uploads\/2025\/06\/3.Certificado-antecedentes-judiciales-.docx.pdf\">Certificado De Cumplimiento Requisito Para Acceder A La Permanencia En El r\u00e9gimen Tributario Especial De Acuerdo Con Lo Establecido En El Art\u00edculo 19 Y 19-4 Del Estatuto Tributario<\/a><\/li>\n<li><a href=\"https:\/\/manosvisibles.org\/wp-content\/uploads\/2025\/06\/4.Certificado-cumplimiento-de-requisitos-RTE-.pdf\" target=\"_blank\" rel=\"noopener\">Certificado Del Representante Legal Para Cumplir Con Los Requisitos Establecido En El Numeral 3 Del Art\u00edculo 364-3 Del Estatuto Tributario<\/a><\/li>\n<li><a href=\"https:\/\/manosvisibles.org\/wp-content\/uploads\/2025\/06\/5.Certificadopunto_10_DIAN-2024.pdf\" target=\"_blank\" rel=\"noopener\">En Cumplimiento Del Art\u00edculo 364-5 Del Estatuto Tributario, Par\u00e1grafo 2, Numeral 13, Los Suscritos Representante Legal Y Revisor Fiscal De La Corporaci\u00f3n Manos Visibles Identificada Con Nit No. 900.370.492-1<\/a><\/li>\n<li><a href=\"https:\/\/manosvisibles.org\/wp-content\/uploads\/2025\/06\/6.CMV_Estatutos.pdf\" target=\"_blank\" rel=\"noopener\">Estatutos<\/a><\/li>\n<li><a href=\"https:\/\/manosvisibles.org\/wp-content\/uploads\/2025\/06\/7.EstadosFinancieros_2024_CMV.pdf\" target=\"_blank\" rel=\"noopener\">Estados Financieros<\/a><\/li>\n<li><a href=\"https:\/\/manosvisibles.org\/wp-content\/uploads\/2025\/06\/8.Regimen-tributario-especial-ano-2025-52451002700411.pdf\" target=\"_blank\" rel=\"noopener\">RTE &#8211; Presentaci\u00f3n Formulario 5245<\/a><\/li>\n<li><a href=\"https:\/\/manosvisibles.org\/wp-content\/uploads\/2025\/06\/9.Memoria_economica_para_2024.pdf\" target=\"_blank\" rel=\"noopener\">Memoria Econ\u00f3mica<\/a><\/li>\n<li><a href=\"https:\/\/manosvisibles.org\/wp-content\/uploads\/2025\/06\/10.ExtractodeActa49_AutorizacionRepresentanteLegal_RTE.docx.pdf\" target=\"_blank\" rel=\"noopener\">Extracto de Acta &#8211; 2344 _ RTE_ Excedente<\/a><\/li>\n<li><a href=\"https:\/\/manosvisibles.org\/wp-content\/uploads\/2025\/06\/11.ExtractodeActa49_AutorizacionRepresentanteLegal_RTE.docx.pdf\" target=\"_blank\" rel=\"noopener\">Extracto de Acta &#8211; 2344 _ Autorizaci\u00f3n y asignaciones permanentes _ RTE<\/a><\/li>\n<\/ol>\n<p>[\/et_pb_text][\/et_pb_column][et_pb_column type=&#8221;1_5&#8243; _builder_version=&#8221;4.21.0&#8243; _module_preset=&#8221;default&#8221; global_colors_info=&#8221;{}&#8221;][\/et_pb_column][\/et_pb_row][\/et_pb_section]<\/p>\n","protected":false},"excerpt":{"rendered":"<p>R\u00e9gimen Tributario Especial Informe de gesti\u00f3n Acta de asamblea Certificado De Cumplimiento Requisito Para Acceder A La Permanencia En El r\u00e9gimen Tributario Especial De Acuerdo Con Lo Establecido En El Art\u00edculo 19 Y 19-4 Del Estatuto Tributario Certificado Del Representante Legal Para Cumplir Con Los Requisitos Establecido En El Numeral 3 Del Art\u00edculo 364-3 Del [&hellip;]<\/p>\n","protected":false},"author":1,"featured_media":0,"parent":0,"menu_order":0,"comment_status":"closed","ping_status":"closed","template":"","meta":{"_acf_changed":false,"_et_pb_use_builder":"on","_et_pb_old_content":"","_et_gb_content_width":"","inline_featured_image":false,"footnotes":""},"difl_page_category":[],"class_list":["post-1036","page","type-page","status-publish","hentry"],"acf":[],"_links":{"self":[{"href":"https:\/\/manosvisibles.org\/en\/wp-json\/wp\/v2\/pages\/1036","targetHints":{"allow":["GET"]}}],"collection":[{"href":"https:\/\/manosvisibles.org\/en\/wp-json\/wp\/v2\/pages"}],"about":[{"href":"https:\/\/manosvisibles.org\/en\/wp-json\/wp\/v2\/types\/page"}],"author":[{"embeddable":true,"href":"https:\/\/manosvisibles.org\/en\/wp-json\/wp\/v2\/users\/1"}],"replies":[{"embeddable":true,"href":"https:\/\/manosvisibles.org\/en\/wp-json\/wp\/v2\/comments?post=1036"}],"version-history":[{"count":28,"href":"https:\/\/manosvisibles.org\/en\/wp-json\/wp\/v2\/pages\/1036\/revisions"}],"predecessor-version":[{"id":9466,"href":"https:\/\/manosvisibles.org\/en\/wp-json\/wp\/v2\/pages\/1036\/revisions\/9466"}],"wp:attachment":[{"href":"https:\/\/manosvisibles.org\/en\/wp-json\/wp\/v2\/media?parent=1036"}],"wp:term":[{"taxonomy":"difl_page_category","embeddable":true,"href":"https:\/\/manosvisibles.org\/en\/wp-json\/wp\/v2\/difl_page_category?post=1036"}],"curies":[{"name":"wp","href":"https:\/\/api.w.org\/{rel}","templated":true}]}}